{"id":4689,"date":"2022-08-25T12:47:43","date_gmt":"2022-08-25T12:47:43","guid":{"rendered":"https:\/\/doko.studio\/contacto\/"},"modified":"2024-10-26T16:19:20","modified_gmt":"2024-10-26T16:19:20","slug":"contacto","status":"publish","type":"page","link":"https:\/\/doko.studio\/es\/contacto\/","title":{"rendered":"Contacto"},"content":{"rendered":"\t\t<div data-elementor-type=\"wp-page\" data-elementor-id=\"4689\" class=\"elementor elementor-4689 elementor-710\" data-elementor-settings=\"{&quot;ha_cmc_init_switcher&quot;:&quot;no&quot;}\" data-elementor-post-type=\"page\">\n\t\t\t\t\t\t<section class=\"elementor-section elementor-top-section elementor-element elementor-element-24eef64 elementor-section-full_width services-container elementor-section-content-middle elementor-section-height-full elementor-section-height-default elementor-section-items-middle\" data-id=\"24eef64\" data-element_type=\"section\">\n\t\t\t\t\t\t<div class=\"elementor-container elementor-column-gap-default\">\n\t\t\t\t\t<div class=\"elementor-column elementor-col-50 elementor-top-column elementor-element elementor-element-c07d98f\" data-id=\"c07d98f\" data-element_type=\"column\">\n\t\t\t<div class=\"elementor-widget-wrap elementor-element-populated\">\n\t\t\t\t\t\t<div class=\"elementor-element elementor-element-5b3052e elementor-widget elementor-widget-html\" data-id=\"5b3052e\" data-element_type=\"widget\" data-widget_type=\"html.default\">\n\t\t\t\t<div class=\"elementor-widget-container\">\n\t\t\t\t\t<div class=\"scrollText\">\n        <span class=\"chop storytelling\">\u00bfQuieres colaborar con nosotros?<\/span>\n        <div class=\"break\"><\/div>\n        <span class=\"chop storytelling\">Cont\u00e1ctanos en el <a href=\"tel:+34621034447\">(+34) 621 03 44 47<\/a><\/span>\n        <div class=\"break\"><\/div>\n        <span class=\"chop storytelling\">o en <a href=\"mailto:hello@doko.studio\">hello@doko.studio<\/a><\/span>\n<\/div>\n\t\t\t\t<\/div>\n\t\t\t\t<\/div>\n\t\t\t\t<div class=\"elementor-element elementor-element-7174142 animated-slow elementor-invisible elementor-widget elementor-widget-button\" data-id=\"7174142\" data-element_type=\"widget\" data-settings=\"{&quot;_animation&quot;:&quot;fadeIn&quot;}\" data-widget_type=\"button.default\">\n\t\t\t\t<div class=\"elementor-widget-container\">\n\t\t\t\t\t\t\t\t\t<div class=\"elementor-button-wrapper\">\n\t\t\t\t\t<a class=\"elementor-button elementor-button-link elementor-size-sm\" href=\"https:\/\/cal.com\/dokostudio\/discovery-call\" target=\"_blank\" rel=\"nofollow\">\n\t\t\t\t\t\t<span class=\"elementor-button-content-wrapper\">\n\t\t\t\t\t\t\t\t\t<span class=\"elementor-button-text\">Agendar una llamada<\/span>\n\t\t\t\t\t<\/span>\n\t\t\t\t\t<\/a>\n\t\t\t\t<\/div>\n\t\t\t\t\t\t\t\t<\/div>\n\t\t\t\t<\/div>\n\t\t\t\t\t<\/div>\n\t\t<\/div>\n\t\t\t\t<div class=\"elementor-column elementor-col-50 elementor-top-column elementor-element elementor-element-6d32c3a\" data-id=\"6d32c3a\" data-element_type=\"column\">\n\t\t\t<div class=\"elementor-widget-wrap elementor-element-populated\">\n\t\t\t\t\t\t<div class=\"elementor-element elementor-element-8d34014 animated-slow elementor-invisible elementor-widget elementor-widget-image\" data-id=\"8d34014\" data-element_type=\"widget\" data-settings=\"{&quot;_animation&quot;:&quot;fadeIn&quot;}\" data-widget_type=\"image.default\">\n\t\t\t\t<div class=\"elementor-widget-container\">\n\t\t\t\t\t\t\t\t\t\t\t\t\t\t\t<img fetchpriority=\"high\" decoding=\"async\" width=\"800\" height=\"632\" src=\"https:\/\/doko.studio\/wp-content\/uploads\/2022\/10\/ufo.png\" class=\"attachment-large size-large wp-image-4576\" alt=\"\" srcset=\"https:\/\/doko.studio\/wp-content\/uploads\/2022\/10\/ufo.png 1000w, https:\/\/doko.studio\/wp-content\/uploads\/2022\/10\/ufo-300x237.png 300w, https:\/\/doko.studio\/wp-content\/uploads\/2022\/10\/ufo-768x607.png 768w\" sizes=\"(max-width: 800px) 100vw, 800px\" \/>\t\t\t\t\t\t\t\t\t\t\t\t\t\t\t<\/div>\n\t\t\t\t<\/div>\n\t\t\t\t<div class=\"elementor-element elementor-element-e292552 animated-slow elementor-absolute floating elementor-invisible elementor-widget elementor-widget-image\" data-id=\"e292552\" data-element_type=\"widget\" data-settings=\"{&quot;motion_fx_mouseTrack_effect&quot;:&quot;yes&quot;,&quot;motion_fx_mouseTrack_direction&quot;:&quot;negative&quot;,&quot;motion_fx_tilt_direction&quot;:&quot;negative&quot;,&quot;_animation&quot;:&quot;fadeIn&quot;,&quot;_position&quot;:&quot;absolute&quot;,&quot;motion_fx_motion_fx_mouse&quot;:&quot;yes&quot;,&quot;motion_fx_tilt_effect&quot;:&quot;yes&quot;,&quot;motion_fx_mouseTrack_speed&quot;:{&quot;unit&quot;:&quot;px&quot;,&quot;size&quot;:1,&quot;sizes&quot;:[]},&quot;motion_fx_tilt_speed&quot;:{&quot;unit&quot;:&quot;px&quot;,&quot;size&quot;:4,&quot;sizes&quot;:[]}}\" data-widget_type=\"image.default\">\n\t\t\t\t<div class=\"elementor-widget-container\">\n\t\t\t\t\t\t\t\t\t\t\t\t\t\t\t<img decoding=\"async\" width=\"800\" height=\"632\" src=\"https:\/\/doko.studio\/wp-content\/uploads\/2022\/10\/humanoid.png\" class=\"attachment-large size-large wp-image-4575\" alt=\"\" srcset=\"https:\/\/doko.studio\/wp-content\/uploads\/2022\/10\/humanoid.png 1000w, https:\/\/doko.studio\/wp-content\/uploads\/2022\/10\/humanoid-300x237.png 300w, https:\/\/doko.studio\/wp-content\/uploads\/2022\/10\/humanoid-768x607.png 768w\" sizes=\"(max-width: 800px) 100vw, 800px\" \/>\t\t\t\t\t\t\t\t\t\t\t\t\t\t\t<\/div>\n\t\t\t\t<\/div>\n\t\t\t\t\t<\/div>\n\t\t<\/div>\n\t\t\t\t\t<\/div>\n\t\t<\/section>\n\t\t\t\t<\/div>\n\t\t","protected":false},"excerpt":{"rendered":"<p>\u00bfQuieres colaborar con nosotros? Cont\u00e1ctanos en el (+34) 621 03 44 47 o en hello@doko.studio Agendar una llamada<\/p>\n","protected":false},"author":1,"featured_media":4651,"parent":0,"menu_order":0,"comment_status":"closed","ping_status":"closed","template":"elementor_header_footer","meta":{"footnotes":""},"class_list":["post-4689","page","type-page","status-publish","has-post-thumbnail","hentry"],"yoast_head":"<!-- This site is optimized with the Yoast SEO plugin v26.8 - https:\/\/yoast.com\/product\/yoast-seo-wordpress\/ -->\n<title>\u00a1Contacta con nosotros! | Doko Studio<\/title>\n<meta name=\"description\" content=\"\u00bfQuieres colaborar con nosotros? \u00bfNecesitas servicios de branding, desarrollo web o aplicaciones m\u00f3viles? Escr\u00edbenos un email para un caf\u00e9 virtual con nosotros.\" \/>\n<meta name=\"robots\" content=\"index, follow, max-snippet:-1, max-image-preview:large, max-video-preview:-1\" \/>\n<link rel=\"canonical\" href=\"https:\/\/doko.studio\/es\/contacto\/\" \/>\n<meta property=\"og:locale\" content=\"es_ES\" \/>\n<meta property=\"og:type\" content=\"article\" \/>\n<meta property=\"og:title\" content=\"\u00a1Contacta con nosotros! | Doko Studio\" \/>\n<meta property=\"og:description\" content=\"\u00bfQuieres colaborar con nosotros? \u00bfNecesitas servicios de branding, desarrollo web o aplicaciones m\u00f3viles? Escr\u00edbenos un email para un caf\u00e9 virtual con nosotros.\" \/>\n<meta property=\"og:url\" content=\"https:\/\/doko.studio\/es\/contacto\/\" \/>\n<meta property=\"og:site_name\" content=\"Doko Studio\" \/>\n<meta property=\"article:modified_time\" content=\"2024-10-26T16:19:20+00:00\" \/>\n<meta property=\"og:image\" content=\"https:\/\/doko.studio\/wp-content\/uploads\/2022\/10\/logo-doko.jpg\" \/>\n\t<meta property=\"og:image:width\" content=\"424\" \/>\n\t<meta property=\"og:image:height\" content=\"424\" \/>\n\t<meta property=\"og:image:type\" content=\"image\/jpeg\" \/>\n<meta name=\"twitter:card\" content=\"summary_large_image\" \/>\n<script type=\"application\/ld+json\" class=\"yoast-schema-graph\">{\"@context\":\"https:\/\/schema.org\",\"@graph\":[{\"@type\":\"WebPage\",\"@id\":\"https:\/\/doko.studio\/es\/contacto\/\",\"url\":\"https:\/\/doko.studio\/es\/contacto\/\",\"name\":\"\u00a1Contacta con nosotros! | Doko Studio\",\"isPartOf\":{\"@id\":\"https:\/\/doko.studio\/es\/#website\"},\"primaryImageOfPage\":{\"@id\":\"https:\/\/doko.studio\/es\/contacto\/#primaryimage\"},\"image\":{\"@id\":\"https:\/\/doko.studio\/es\/contacto\/#primaryimage\"},\"thumbnailUrl\":\"https:\/\/doko.studio\/wp-content\/uploads\/2022\/10\/logo-doko.jpg\",\"datePublished\":\"2022-08-25T12:47:43+00:00\",\"dateModified\":\"2024-10-26T16:19:20+00:00\",\"description\":\"\u00bfQuieres colaborar con nosotros? \u00bfNecesitas servicios de branding, desarrollo web o aplicaciones m\u00f3viles? Escr\u00edbenos un email para un caf\u00e9 virtual con nosotros.\",\"breadcrumb\":{\"@id\":\"https:\/\/doko.studio\/es\/contacto\/#breadcrumb\"},\"inLanguage\":\"es\",\"potentialAction\":[{\"@type\":\"ReadAction\",\"target\":[\"https:\/\/doko.studio\/es\/contacto\/\"]}]},{\"@type\":\"ImageObject\",\"inLanguage\":\"es\",\"@id\":\"https:\/\/doko.studio\/es\/contacto\/#primaryimage\",\"url\":\"https:\/\/doko.studio\/wp-content\/uploads\/2022\/10\/logo-doko.jpg\",\"contentUrl\":\"https:\/\/doko.studio\/wp-content\/uploads\/2022\/10\/logo-doko.jpg\",\"width\":424,\"height\":424},{\"@type\":\"BreadcrumbList\",\"@id\":\"https:\/\/doko.studio\/es\/contacto\/#breadcrumb\",\"itemListElement\":[{\"@type\":\"ListItem\",\"position\":1,\"name\":\"Portada\",\"item\":\"https:\/\/doko.studio\/es\/inicio\/\"},{\"@type\":\"ListItem\",\"position\":2,\"name\":\"Contacto\"}]},{\"@type\":\"WebSite\",\"@id\":\"https:\/\/doko.studio\/es\/#website\",\"url\":\"https:\/\/doko.studio\/es\/\",\"name\":\"Doko Studio\",\"description\":\"Estudio creativo y tecnol\u00f3gico\",\"publisher\":{\"@id\":\"https:\/\/doko.studio\/es\/#organization\"},\"potentialAction\":[{\"@type\":\"SearchAction\",\"target\":{\"@type\":\"EntryPoint\",\"urlTemplate\":\"https:\/\/doko.studio\/es\/?s={search_term_string}\"},\"query-input\":{\"@type\":\"PropertyValueSpecification\",\"valueRequired\":true,\"valueName\":\"search_term_string\"}}],\"inLanguage\":\"es\"},{\"@type\":\"Organization\",\"@id\":\"https:\/\/doko.studio\/es\/#organization\",\"name\":\"Doko Studio\",\"url\":\"https:\/\/doko.studio\/es\/\",\"logo\":{\"@type\":\"ImageObject\",\"inLanguage\":\"es\",\"@id\":\"https:\/\/doko.studio\/es\/#\/schema\/logo\/image\/\",\"url\":\"https:\/\/doko.studio\/wp-content\/uploads\/2022\/10\/logo-doko.jpg\",\"contentUrl\":\"https:\/\/doko.studio\/wp-content\/uploads\/2022\/10\/logo-doko.jpg\",\"width\":424,\"height\":424,\"caption\":\"Doko Studio\"},\"image\":{\"@id\":\"https:\/\/doko.studio\/es\/#\/schema\/logo\/image\/\"}}]}<\/script>\n<!-- \/ Yoast SEO plugin. -->","yoast_head_json":{"title":"\u00a1Contacta con nosotros! | Doko Studio","description":"\u00bfQuieres colaborar con nosotros? \u00bfNecesitas servicios de branding, desarrollo web o aplicaciones m\u00f3viles? Escr\u00edbenos un email para un caf\u00e9 virtual con nosotros.","robots":{"index":"index","follow":"follow","max-snippet":"max-snippet:-1","max-image-preview":"max-image-preview:large","max-video-preview":"max-video-preview:-1"},"canonical":"https:\/\/doko.studio\/es\/contacto\/","og_locale":"es_ES","og_type":"article","og_title":"\u00a1Contacta con nosotros! | Doko Studio","og_description":"\u00bfQuieres colaborar con nosotros? \u00bfNecesitas servicios de branding, desarrollo web o aplicaciones m\u00f3viles? Escr\u00edbenos un email para un caf\u00e9 virtual con nosotros.","og_url":"https:\/\/doko.studio\/es\/contacto\/","og_site_name":"Doko Studio","article_modified_time":"2024-10-26T16:19:20+00:00","og_image":[{"width":424,"height":424,"url":"https:\/\/doko.studio\/wp-content\/uploads\/2022\/10\/logo-doko.jpg","type":"image\/jpeg"}],"twitter_card":"summary_large_image","schema":{"@context":"https:\/\/schema.org","@graph":[{"@type":"WebPage","@id":"https:\/\/doko.studio\/es\/contacto\/","url":"https:\/\/doko.studio\/es\/contacto\/","name":"\u00a1Contacta con nosotros! | Doko Studio","isPartOf":{"@id":"https:\/\/doko.studio\/es\/#website"},"primaryImageOfPage":{"@id":"https:\/\/doko.studio\/es\/contacto\/#primaryimage"},"image":{"@id":"https:\/\/doko.studio\/es\/contacto\/#primaryimage"},"thumbnailUrl":"https:\/\/doko.studio\/wp-content\/uploads\/2022\/10\/logo-doko.jpg","datePublished":"2022-08-25T12:47:43+00:00","dateModified":"2024-10-26T16:19:20+00:00","description":"\u00bfQuieres colaborar con nosotros? \u00bfNecesitas servicios de branding, desarrollo web o aplicaciones m\u00f3viles? Escr\u00edbenos un email para un caf\u00e9 virtual con nosotros.","breadcrumb":{"@id":"https:\/\/doko.studio\/es\/contacto\/#breadcrumb"},"inLanguage":"es","potentialAction":[{"@type":"ReadAction","target":["https:\/\/doko.studio\/es\/contacto\/"]}]},{"@type":"ImageObject","inLanguage":"es","@id":"https:\/\/doko.studio\/es\/contacto\/#primaryimage","url":"https:\/\/doko.studio\/wp-content\/uploads\/2022\/10\/logo-doko.jpg","contentUrl":"https:\/\/doko.studio\/wp-content\/uploads\/2022\/10\/logo-doko.jpg","width":424,"height":424},{"@type":"BreadcrumbList","@id":"https:\/\/doko.studio\/es\/contacto\/#breadcrumb","itemListElement":[{"@type":"ListItem","position":1,"name":"Portada","item":"https:\/\/doko.studio\/es\/inicio\/"},{"@type":"ListItem","position":2,"name":"Contacto"}]},{"@type":"WebSite","@id":"https:\/\/doko.studio\/es\/#website","url":"https:\/\/doko.studio\/es\/","name":"Doko Studio","description":"Estudio creativo y tecnol\u00f3gico","publisher":{"@id":"https:\/\/doko.studio\/es\/#organization"},"potentialAction":[{"@type":"SearchAction","target":{"@type":"EntryPoint","urlTemplate":"https:\/\/doko.studio\/es\/?s={search_term_string}"},"query-input":{"@type":"PropertyValueSpecification","valueRequired":true,"valueName":"search_term_string"}}],"inLanguage":"es"},{"@type":"Organization","@id":"https:\/\/doko.studio\/es\/#organization","name":"Doko Studio","url":"https:\/\/doko.studio\/es\/","logo":{"@type":"ImageObject","inLanguage":"es","@id":"https:\/\/doko.studio\/es\/#\/schema\/logo\/image\/","url":"https:\/\/doko.studio\/wp-content\/uploads\/2022\/10\/logo-doko.jpg","contentUrl":"https:\/\/doko.studio\/wp-content\/uploads\/2022\/10\/logo-doko.jpg","width":424,"height":424,"caption":"Doko Studio"},"image":{"@id":"https:\/\/doko.studio\/es\/#\/schema\/logo\/image\/"}}]}},"_links":{"self":[{"href":"https:\/\/doko.studio\/es\/wp-json\/wp\/v2\/pages\/4689","targetHints":{"allow":["GET"]}}],"collection":[{"href":"https:\/\/doko.studio\/es\/wp-json\/wp\/v2\/pages"}],"about":[{"href":"https:\/\/doko.studio\/es\/wp-json\/wp\/v2\/types\/page"}],"author":[{"embeddable":true,"href":"https:\/\/doko.studio\/es\/wp-json\/wp\/v2\/users\/1"}],"replies":[{"embeddable":true,"href":"https:\/\/doko.studio\/es\/wp-json\/wp\/v2\/comments?post=4689"}],"version-history":[{"count":18,"href":"https:\/\/doko.studio\/es\/wp-json\/wp\/v2\/pages\/4689\/revisions"}],"predecessor-version":[{"id":6307,"href":"https:\/\/doko.studio\/es\/wp-json\/wp\/v2\/pages\/4689\/revisions\/6307"}],"wp:featuredmedia":[{"embeddable":true,"href":"https:\/\/doko.studio\/es\/wp-json\/wp\/v2\/media\/4651"}],"wp:attachment":[{"href":"https:\/\/doko.studio\/es\/wp-json\/wp\/v2\/media?parent=4689"}],"curies":[{"name":"wp","href":"https:\/\/api.w.org\/{rel}","templated":true}]}}